{"id":445,"date":"2021-05-11T20:03:34","date_gmt":"2021-05-11T18:03:34","guid":{"rendered":"https:\/\/placsolny.drevnykocur.cz\/?page_id=445"},"modified":"2025-03-24T15:33:39","modified_gmt":"2025-03-24T14:33:39","slug":"kontakt","status":"publish","type":"page","link":"https:\/\/placsolny.drevnykocur.cz\/index.php\/kontakt\/","title":{"rendered":"KONTAKT"},"content":{"rendered":"<p>[et_pb_section fb_built=&#8221;1&#8243; admin_label=&#8221;Map&#8221; _builder_version=&#8221;4.16&#8243; custom_padding=&#8221;0px||1px|||&#8221; global_colors_info=&#8221;{}&#8221;][et_pb_row _builder_version=&#8221;4.16&#8243; global_colors_info=&#8221;{}&#8221;][et_pb_column type=&#8221;4_4&#8243; _builder_version=&#8221;4.16&#8243; global_colors_info=&#8221;{}&#8221;][et_pb_text _builder_version=&#8221;4.27.4&#8243; text_font=&#8221;Cabin||||||||&#8221; text_text_color=&#8221;rgba(85,101,112,0.8)&#8221; text_font_size=&#8221;16px&#8221; text_line_height=&#8221;1.8em&#8221; header_font=&#8221;Playfair Display|700|||||||&#8221; header_text_color=&#8221;#002d4c&#8221; header_font_size=&#8221;66px&#8221; header_line_height=&#8221;1.1em&#8221; header_3_font=&#8221;Cabin|700||on|||||&#8221; header_3_text_color=&#8221;#bd8f52&#8243; header_3_font_size=&#8221;13px&#8221; header_3_letter_spacing=&#8221;3px&#8221; header_3_line_height=&#8221;1.4em&#8221; max_width_tablet=&#8221;90%&#8221; max_width_phone=&#8221;100%&#8221; max_width_last_edited=&#8221;on|tablet&#8221; custom_margin=&#8221;||||false|false&#8221; custom_padding=&#8221;30px||||false|false&#8221; text_font_size_tablet=&#8221;15px&#8221; text_font_size_phone=&#8221;14px&#8221; text_font_size_last_edited=&#8221;on|phone&#8221; header_font_size_tablet=&#8221;52px&#8221; header_font_size_phone=&#8221;38px&#8221; header_font_size_last_edited=&#8221;on|desktop&#8221; locked=&#8221;off&#8221; global_colors_info=&#8221;{}&#8221;]<\/p>\n<h3>Kontakt<\/h3>\n<h1>Zach\u0119camy do telefonicznego kontaktu \/\/<\/h1>\n<p>[\/et_pb_text][\/et_pb_column][\/et_pb_row][et_pb_row column_structure=&#8221;1_2,1_2&#8243; _builder_version=&#8221;4.27.4&#8243; custom_margin=&#8221;||30px||false|false&#8221; global_colors_info=&#8221;{}&#8221;][et_pb_column type=&#8221;1_2&#8243; _builder_version=&#8221;4.16&#8243; global_colors_info=&#8221;{}&#8221;][et_pb_blurb title=&#8221;Zadzwo\u0144 do nas&#8221; _builder_version=&#8221;4.27.4&#8243; header_font=&#8221;Cabin|700||on|||||&#8221; header_text_color=&#8221;#002d4c&#8221; header_font_size=&#8221;16px&#8221; header_letter_spacing=&#8221;1px&#8221; body_font=&#8221;Cabin||||||||&#8221; body_text_color=&#8221;rgba(85,101,112,0.8)&#8221; body_line_height=&#8221;1.8em&#8221; text_orientation=&#8221;right&#8221; animation=&#8221;off&#8221; hover_enabled=&#8221;0&#8243; body_font_size_tablet=&#8221;15px&#8221; body_font_size_phone=&#8221;14px&#8221; body_font_size_last_edited=&#8221;off|desktop&#8221; locked=&#8221;off&#8221; global_colors_info=&#8221;{}&#8221; header_text_color__hover_enabled=&#8221;off|desktop&#8221; header_text_color__hover=&#8221;#ffffff&#8221; body_text_color__hover_enabled=&#8221;off|desktop&#8221; body_text_color__hover=&#8221;#ffffff&#8221; sticky_enabled=&#8221;0&#8243;]<\/p>\n<h4><a href=\"tel:698547347\"><span style=\"color: #002d4c;\">tel.<span data-sheets-value=\"{&quot;1&quot;:3,&quot;3&quot;:504970053}\" data-sheets-userformat=\"{&quot;2&quot;:513,&quot;3&quot;:{&quot;1&quot;:0},&quot;12&quot;:0}\">6<\/span>98 547 347<\/span><\/a><\/h4>\n<p>[\/et_pb_blurb][\/et_pb_column][et_pb_column type=&#8221;1_2&#8243; _builder_version=&#8221;4.16&#8243; global_colors_info=&#8221;{}&#8221;][et_pb_blurb title=&#8221;LUB NAPISZ&#8221; _builder_version=&#8221;4.27.4&#8243; header_font=&#8221;Cabin|700||on|||||&#8221; header_text_color=&#8221;#002d4c&#8221; header_font_size=&#8221;16px&#8221; header_letter_spacing=&#8221;1px&#8221; body_font=&#8221;Cabin||||||||&#8221; body_text_color=&#8221;rgba(85,101,112,0.8)&#8221; body_line_height=&#8221;1.8em&#8221; animation=&#8221;off&#8221; hover_enabled=&#8221;0&#8243; body_font_size_tablet=&#8221;15px&#8221; body_font_size_phone=&#8221;14px&#8221; body_font_size_last_edited=&#8221;off|desktop&#8221; locked=&#8221;off&#8221; global_colors_info=&#8221;{}&#8221; header_text_color__hover_enabled=&#8221;off|desktop&#8221; header_text_color__hover=&#8221;#ffffff&#8221; body_text_color__hover_enabled=&#8221;off|desktop&#8221; body_text_color__hover=&#8221;#ffffff&#8221; sticky_enabled=&#8221;0&#8243;]<\/p>\n<h4><span style=\"color: #002d4c;\"><a href=\"mailto:placsolny@drevnykocur.cz\" style=\"color: #002d4c;\">placsolny@drevnykocur.cz<\/a><\/span><\/h4>\n<p>[\/et_pb_blurb][\/et_pb_column][\/et_pb_row][et_pb_row _builder_version=&#8221;4.16&#8243; width=&#8221;95%&#8221; width_tablet=&#8221;80%&#8221; width_phone=&#8221;&#8221; width_last_edited=&#8221;on|tablet&#8221; max_width=&#8221;none&#8221; module_alignment=&#8221;left&#8221; custom_padding=&#8221;0px||0px|||&#8221; module_alignment_tablet=&#8221;center&#8221; module_alignment_phone=&#8221;&#8221; module_alignment_last_edited=&#8221;on|tablet&#8221; global_colors_info=&#8221;{}&#8221;][et_pb_column type=&#8221;4_4&#8243; _builder_version=&#8221;4.16&#8243; global_colors_info=&#8221;{}&#8221;][et_pb_code _builder_version=&#8221;4.27.4&#8243; _module_preset=&#8221;default&#8221; hover_enabled=&#8221;0&#8243; global_colors_info=&#8221;{}&#8221; sticky_enabled=&#8221;0&#8243;]<iframe src=\"https:\/\/www.google.com\/maps\/embed?pb=!1m18!1m12!1m3!1d2504.958356315724!2d17.0301472!3d51.1092285!2m3!1f0!2f0!3f0!3m2!1i1024!2i768!4f13.1!3m3!1m2!1s0x470fc33ae5e23d03%3A0xac7f0337cf05f203!2sRestauracja%20Drevny%20Kocur%20Urquell!5e0!3m2!1spl!2spl!4v1742826788521!5m2!1spl!2spl\" width=\"100%\" height=\"450\" style=\"border:0;\" allowfullscreen=\"\" loading=\"lazy\" referrerpolicy=\"no-referrer-when-downgrade\"><\/iframe>[\/et_pb_code][\/et_pb_column][\/et_pb_row][\/et_pb_section][et_pb_section fb_built=&#8221;1&#8243; specialty=&#8221;on&#8221; padding_top_1=&#8221;0px&#8221; padding_top_bottom_link_1=&#8221;false&#8221; padding_left_right_link_1=&#8221;false&#8221; admin_label=&#8221;Footer&#8221; _builder_version=&#8221;4.16&#8243; background_color=&#8221;#00223d&#8221; width=&#8221;94%&#8221; width_last_edited=&#8221;off|phone&#8221; module_alignment=&#8221;right&#8221; custom_margin=&#8221;-40px||||false|false&#8221; custom_padding=&#8221;87px|||||&#8221; global_module=&#8221;575&#8243; saved_tabs=&#8221;all&#8221; locked=&#8221;off&#8221; global_colors_info=&#8221;{}&#8221;][et_pb_column type=&#8221;1_2&#8243; _builder_version=&#8221;4.16&#8243; custom_padding=&#8221;|||&#8221; global_colors_info=&#8221;{}&#8221; custom_padding__hover=&#8221;|||&#8221;][et_pb_text _builder_version=&#8221;4.16&#8243; text_font=&#8221;Cabin||||||||&#8221; text_font_size=&#8221;16px&#8221; text_line_height=&#8221;1.8em&#8221; header_2_font=&#8221;Playfair Display|700|||||||&#8221; header_2_font_size=&#8221;56px&#8221; header_2_line_height=&#8221;1.1em&#8221; header_3_font=&#8221;Cabin|700||on|||||&#8221; header_3_text_color=&#8221;#bd8f52&#8243; header_3_font_size=&#8221;13px&#8221; header_3_letter_spacing=&#8221;3px&#8221; header_3_line_height=&#8221;1.4em&#8221; background_layout=&#8221;dark&#8221; max_width=&#8221;500px&#8221; max_width_tablet=&#8221;90%&#8221; max_width_phone=&#8221;100%&#8221; max_width_last_edited=&#8221;off|desktop&#8221; custom_margin=&#8221;|0px|||false|false&#8221; text_font_size_tablet=&#8221;15px&#8221; text_font_size_phone=&#8221;14px&#8221; text_font_size_last_edited=&#8221;on|phone&#8221; header_2_font_size_tablet=&#8221;44px&#8221; header_2_font_size_phone=&#8221;32px&#8221; header_2_font_size_last_edited=&#8221;on|tablet&#8221; locked=&#8221;off&#8221; global_colors_info=&#8221;{}&#8221; header_2_2_font_size_phone=&#8221;32px&#8221; header_3_2_font_size_phone=&#8221;32px&#8221; header_4_2_font_size_phone=&#8221;32px&#8221; header_5_2_font_size_phone=&#8221;32px&#8221; header_6_2_font_size_phone=&#8221;32px&#8221; header_2_2_font_size_tablet=&#8221;44px&#8221; header_3_2_font_size_tablet=&#8221;44px&#8221; header_4_2_font_size_tablet=&#8221;44px&#8221; header_5_2_font_size_tablet=&#8221;44px&#8221; header_6_2_font_size_tablet=&#8221;44px&#8221; header_2_2_font_size_last_edited=&#8221;on|tablet&#8221; header_3_2_font_size_last_edited=&#8221;on|tablet&#8221; header_4_2_font_size_last_edited=&#8221;on|tablet&#8221; header_5_2_font_size_last_edited=&#8221;on|tablet&#8221; header_6_2_font_size_last_edited=&#8221;on|tablet&#8221;]<\/p>\n<h3>Zapraszamy<\/h3>\n<h2>Nie mo\u017cemy si\u0119 doczeka\u0107!<\/h2>\n<p>[\/et_pb_text][\/et_pb_column][et_pb_column type=&#8221;1_2&#8243; specialty_columns=&#8221;2&#8243; _builder_version=&#8221;4.16&#8243; custom_padding=&#8221;|||&#8221; global_colors_info=&#8221;{}&#8221; custom_padding__hover=&#8221;|||&#8221;][et_pb_row_inner column_structure=&#8221;1_2,1_2&#8243; _builder_version=&#8221;4.16&#8243; background_color=&#8221;rgba(0,0,0,0.36)&#8221; custom_margin=&#8221;||||false|false&#8221; custom_padding=&#8221;|30px|10px|30px|false|true&#8221; global_colors_info=&#8221;{}&#8221;][et_pb_column_inner type=&#8221;1_2&#8243; saved_specialty_column_type=&#8221;1_2&#8243; _builder_version=&#8221;4.16&#8243; custom_css_main_element=&#8221;margin-bottom: 0 !important;&#8221; global_colors_info=&#8221;{}&#8221;][et_pb_text _builder_version=&#8221;4.27.4&#8243; text_font=&#8221;Cabin||||||||&#8221; text_text_color=&#8221;rgba(85,101,112,0.8)&#8221; text_font_size=&#8221;16px&#8221; text_line_height=&#8221;1.8em&#8221; background_layout=&#8221;dark&#8221; text_font_size_tablet=&#8221;15px&#8221; text_font_size_phone=&#8221;14px&#8221; text_font_size_last_edited=&#8221;on|phone&#8221; locked=&#8221;off&#8221; global_colors_info=&#8221;{}&#8221;]<\/p>\n<p>od poniedzia\u0142ku do czwartku<\/p>\n<p>[\/et_pb_text][\/et_pb_column_inner][et_pb_column_inner type=&#8221;1_2&#8243; saved_specialty_column_type=&#8221;1_2&#8243; _builder_version=&#8221;4.16&#8243; global_colors_info=&#8221;{}&#8221;][et_pb_text _builder_version=&#8221;4.16&#8243; text_font=&#8221;Cabin||||||||&#8221; text_font_size=&#8221;16px&#8221; text_line_height=&#8221;1.8em&#8221; text_orientation=&#8221;right&#8221; background_layout=&#8221;dark&#8221; text_font_size_tablet=&#8221;15px&#8221; text_font_size_phone=&#8221;14px&#8221; text_font_size_last_edited=&#8221;on|phone&#8221; text_orientation_tablet=&#8221;&#8221; text_orientation_phone=&#8221;left&#8221; text_orientation_last_edited=&#8221;on|phone&#8221; locked=&#8221;off&#8221; global_colors_info=&#8221;{}&#8221;]<\/p>\n<p>12:00 &#8211; 22:00<\/p>\n<p>[\/et_pb_text][\/et_pb_column_inner][\/et_pb_row_inner][et_pb_row_inner column_structure=&#8221;1_2,1_2&#8243; _builder_version=&#8221;4.16&#8243; background_color=&#8221;rgba(0,0,0,0.36)&#8221; min_height=&#8221;57px&#8221; custom_padding=&#8221;10px|30px|10px|30px|true|true&#8221; global_colors_info=&#8221;{}&#8221;][et_pb_column_inner type=&#8221;1_2&#8243; saved_specialty_column_type=&#8221;1_2&#8243; _builder_version=&#8221;4.16&#8243; custom_css_main_element=&#8221;margin-bottom: 0 !important;&#8221; global_colors_info=&#8221;{}&#8221;][et_pb_text _builder_version=&#8221;4.16&#8243; text_font=&#8221;Cabin||||||||&#8221; text_text_color=&#8221;rgba(85,101,112,0.8)&#8221; text_font_size=&#8221;16px&#8221; text_line_height=&#8221;1.8em&#8221; background_layout=&#8221;dark&#8221; text_font_size_tablet=&#8221;15px&#8221; text_font_size_phone=&#8221;14px&#8221; text_font_size_last_edited=&#8221;on|phone&#8221; locked=&#8221;off&#8221; global_colors_info=&#8221;{}&#8221;]<\/p>\n<p>od pi\u0105tku do niedzieli<\/p>\n<p>[\/et_pb_text][\/et_pb_column_inner][et_pb_column_inner type=&#8221;1_2&#8243; saved_specialty_column_type=&#8221;1_2&#8243; _builder_version=&#8221;4.16&#8243; global_colors_info=&#8221;{}&#8221;][et_pb_text _builder_version=&#8221;4.16&#8243; text_font=&#8221;Cabin||||||||&#8221; text_font_size=&#8221;16px&#8221; text_line_height=&#8221;1.8em&#8221; text_orientation=&#8221;right&#8221; background_layout=&#8221;dark&#8221; text_font_size_tablet=&#8221;15px&#8221; text_font_size_phone=&#8221;14px&#8221; text_font_size_last_edited=&#8221;on|phone&#8221; text_orientation_tablet=&#8221;&#8221; text_orientation_phone=&#8221;left&#8221; text_orientation_last_edited=&#8221;on|phone&#8221; locked=&#8221;off&#8221; global_colors_info=&#8221;{}&#8221;]<\/p>\n<p>12:00 &#8211; 23:00<\/p>\n<p>[\/et_pb_text][\/et_pb_column_inner][\/et_pb_row_inner][et_pb_row_inner _builder_version=&#8221;4.16&#8243; global_colors_info=&#8221;{}&#8221;][et_pb_column_inner saved_specialty_column_type=&#8221;1_2&#8243; _builder_version=&#8221;4.16&#8243; global_colors_info=&#8221;{}&#8221;][et_pb_blurb title=&#8221;ZADZWO\u0143&#8221; use_icon=&#8221;on&#8221; font_icon=&#8221;&#xe065;||divi||400&#8243; icon_color=&#8221;#ffffff&#8221; image_icon_background_color=&#8221;#bd8f52&#8243; icon_placement=&#8221;left&#8221; image_icon_width=&#8221;16px&#8221; content_max_width=&#8221;1100px&#8221; _builder_version=&#8221;4.27.4&#8243; header_font=&#8221;Cabin|700||on|||||&#8221; header_text_color=&#8221;rgba(85,101,112,0.8)&#8221; header_font_size=&#8221;12px&#8221; header_letter_spacing=&#8221;2px&#8221; header_line_height=&#8221;1.4em&#8221; body_font=&#8221;Cabin|700|||||||&#8221; body_font_size=&#8221;16px&#8221; body_line_height=&#8221;1.3em&#8221; image_icon_custom_padding=&#8221;8px|8px|8px|8px|false|false&#8221; background_layout=&#8221;dark&#8221; custom_margin=&#8221;||||false|false&#8221; body_font_size_tablet=&#8221;15px&#8221; body_font_size_phone=&#8221;14px&#8221; body_font_size_last_edited=&#8221;off|desktop&#8221; border_radii_image=&#8221;on|100%|100%|100%|100%&#8221; use_circle=&#8221;on&#8221; circle_color=&#8221;#bd8f52&#8243; locked=&#8221;off&#8221; global_colors_info=&#8221;{}&#8221; image_icon_background_color__sticky_enabled=&#8221;#e02b20&#8243; image_icon_background_color__sticky=&#8221;#e02b20&#8243;]<span style=\"color: #ffffff;\"><a href=\"tel:698547347\" style=\"color: #ffffff;\">698 547 347<\/a><\/span>[\/et_pb_blurb][et_pb_blurb title=&#8221;ODWIED\u0179&#8221; use_icon=&#8221;on&#8221; font_icon=&#8221;&#xe081;||divi||400&#8243; icon_color=&#8221;#ffffff&#8221; image_icon_background_color=&#8221;#bd8f52&#8243; icon_placement=&#8221;left&#8221; image_icon_width=&#8221;16px&#8221; content_max_width=&#8221;1100px&#8221; _builder_version=&#8221;4.27.4&#8243; header_font=&#8221;Cabin|700||on|||||&#8221; header_text_color=&#8221;rgba(85,101,112,0.8)&#8221; header_font_size=&#8221;12px&#8221; header_letter_spacing=&#8221;2px&#8221; header_line_height=&#8221;1.4em&#8221; body_font=&#8221;Cabin|700|||||||&#8221; body_font_size=&#8221;16px&#8221; body_line_height=&#8221;1.3em&#8221; image_icon_custom_padding=&#8221;8px|8px|8px|8px|false|false&#8221; background_layout=&#8221;dark&#8221; custom_margin=&#8221;||||false|false&#8221; body_font_size_tablet=&#8221;15px&#8221; body_font_size_phone=&#8221;14px&#8221; body_font_size_last_edited=&#8221;off|desktop&#8221; border_radii_image=&#8221;on|100%|100%|100%|100%&#8221; use_circle=&#8221;on&#8221; circle_color=&#8221;#bd8f52&#8243; locked=&#8221;off&#8221; global_colors_info=&#8221;{}&#8221; image_icon_background_color__sticky_enabled=&#8221;#e02b20&#8243; image_icon_background_color__sticky=&#8221;#e02b20&#8243;]<\/p>\n<p>Plac Solny 18, Wroc\u0142aw<\/p>\n<p>[\/et_pb_blurb][et_pb_blurb title=&#8221;Napisz&#8221; use_icon=&#8221;on&#8221; font_icon=&#8221;&#xe076;||divi||400&#8243; icon_color=&#8221;#ffffff&#8221; image_icon_background_color=&#8221;#bd8f52&#8243; icon_placement=&#8221;left&#8221; image_icon_width=&#8221;16px&#8221; content_max_width=&#8221;1100px&#8221; _builder_version=&#8221;4.27.4&#8243; header_font=&#8221;Cabin|700||on|||||&#8221; header_text_color=&#8221;rgba(85,101,112,0.8)&#8221; header_font_size=&#8221;12px&#8221; header_letter_spacing=&#8221;2px&#8221; header_line_height=&#8221;1.4em&#8221; body_font=&#8221;Cabin|700|||||||&#8221; body_font_size=&#8221;16px&#8221; body_line_height=&#8221;1.3em&#8221; image_icon_custom_padding=&#8221;8px|8px|8px|8px|false|false&#8221; background_layout=&#8221;dark&#8221; custom_margin=&#8221;||||false|false&#8221; body_font_size_tablet=&#8221;15px&#8221; body_font_size_phone=&#8221;14px&#8221; body_font_size_last_edited=&#8221;off|desktop&#8221; border_radii_image=&#8221;on|100%|100%|100%|100%&#8221; use_circle=&#8221;on&#8221; circle_color=&#8221;#bd8f52&#8243; locked=&#8221;off&#8221; global_colors_info=&#8221;{}&#8221; image_icon_background_color__sticky_enabled=&#8221;#e02b20&#8243; image_icon_background_color__sticky=&#8221;#e02b20&#8243;]<span style=\"color: #ffffff;\"><a href=\"mailto:placsolny@drevnykocur.cz\" style=\"color: #ffffff;\">placsolny@drevnykocur.cz<\/a><\/span>[\/et_pb_blurb][et_pb_blurb use_icon=&#8221;on&#8221; font_icon=&#8221;&#xe076;||divi||400&#8243; icon_color=&#8221;#ffffff&#8221; image_icon_background_color=&#8221;#bd8f52&#8243; icon_placement=&#8221;left&#8221; image_icon_width=&#8221;16px&#8221; content_max_width=&#8221;1100px&#8221; _builder_version=&#8221;4.27.4&#8243; header_font=&#8221;Cabin|700||on|||||&#8221; header_text_color=&#8221;rgba(85,101,112,0.8)&#8221; header_font_size=&#8221;12px&#8221; header_letter_spacing=&#8221;2px&#8221; header_line_height=&#8221;1.4em&#8221; body_font=&#8221;Cabin|700|||||||&#8221; body_font_size=&#8221;16px&#8221; body_line_height=&#8221;1.3em&#8221; image_icon_custom_padding=&#8221;8px|8px|8px|8px|false|false&#8221; background_layout=&#8221;dark&#8221; custom_margin=&#8221;||||false|false&#8221; body_font_size_tablet=&#8221;15px&#8221; body_font_size_phone=&#8221;14px&#8221; body_font_size_last_edited=&#8221;off|desktop&#8221; border_radii_image=&#8221;on|100%|100%|100%|100%&#8221; use_circle=&#8221;on&#8221; circle_color=&#8221;#bd8f52&#8243; locked=&#8221;off&#8221; global_colors_info=&#8221;{}&#8221; image_icon_background_color__sticky_enabled=&#8221;#e02b20&#8243; image_icon_background_color__sticky=&#8221;#e02b20&#8243;]<\/p>\n<p><a href=\"https:\/\/placsolny.drevnykocur.cz\/index.php\/regulamin\/\"><span style=\"color: #ffffff;\">REGULAMIN<\/span><\/a><br \/><a href=\"https:\/\/placsolny.drevnykocur.cz\/index.php\/polityka-prywatnosci\/\"><span style=\"color: #ffffff;\">POLITYKA PRYWATNO\u015aCI<\/span><\/a><\/p>\n<p>[\/et_pb_blurb][\/et_pb_column_inner][\/et_pb_row_inner][\/et_pb_column][\/et_pb_section]<\/p>\n","protected":false},"excerpt":{"rendered":"<p>Kontakt Zach\u0119camy do telefonicznego kontaktu \/\/tel.698 547 347placsolny@drevnykocur.czZapraszamy Nie mo\u017cemy si\u0119 doczeka\u0107!od poniedzia\u0142ku do czwartku12:00 &#8211; 22:00od pi\u0105tku do niedzieli12:00 &#8211; 23:00698 547 347Plac Solny 18, Wroc\u0142awplacsolny@drevnykocur.czREGULAMINPOLITYKA PRYWATNO\u015aCI<\/p>\n","protected":false},"author":1,"featured_media":0,"parent":0,"menu_order":0,"comment_status":"closed","ping_status":"closed","template":"","meta":{"_et_pb_use_builder":"on","_et_pb_old_content":"","_et_gb_content_width":"","footnotes":""},"class_list":["post-445","page","type-page","status-publish","hentry"],"_links":{"self":[{"href":"https:\/\/placsolny.drevnykocur.cz\/index.php\/wp-json\/wp\/v2\/pages\/445","targetHints":{"allow":["GET"]}}],"collection":[{"href":"https:\/\/placsolny.drevnykocur.cz\/index.php\/wp-json\/wp\/v2\/pages"}],"about":[{"href":"https:\/\/placsolny.drevnykocur.cz\/index.php\/wp-json\/wp\/v2\/types\/page"}],"author":[{"embeddable":true,"href":"https:\/\/placsolny.drevnykocur.cz\/index.php\/wp-json\/wp\/v2\/users\/1"}],"replies":[{"embeddable":true,"href":"https:\/\/placsolny.drevnykocur.cz\/index.php\/wp-json\/wp\/v2\/comments?post=445"}],"version-history":[{"count":24,"href":"https:\/\/placsolny.drevnykocur.cz\/index.php\/wp-json\/wp\/v2\/pages\/445\/revisions"}],"predecessor-version":[{"id":974,"href":"https:\/\/placsolny.drevnykocur.cz\/index.php\/wp-json\/wp\/v2\/pages\/445\/revisions\/974"}],"wp:attachment":[{"href":"https:\/\/placsolny.drevnykocur.cz\/index.php\/wp-json\/wp\/v2\/media?parent=445"}],"curies":[{"name":"wp","href":"https:\/\/api.w.org\/{rel}","templated":true}]}}