{"id":634,"date":"2024-12-16T10:44:19","date_gmt":"2024-12-16T09:44:19","guid":{"rendered":"https:\/\/placsolny.drevnykocur.cz\/?page_id=634"},"modified":"2024-12-16T18:36:41","modified_gmt":"2024-12-16T17:36:41","slug":"regulamin","status":"publish","type":"page","link":"https:\/\/placsolny.drevnykocur.cz\/index.php\/regulamin\/","title":{"rendered":"Regulamin"},"content":{"rendered":"<h3 style=\"text-align: center;\">Regulamin<\/h3>\n<p><strong>\u00a71. Postanowienia og\u00f3lne<\/strong><\/p>\n<ol>\n<li>Regulamin okre\u015bla zasady sprzeda\u017cy voucher\u00f3w oferowanych przez <strong>PIZZA GLOBAL Sp. z o.o.<\/strong>, z siedzib\u0105 w Poznaniu, ul. \u015awi\u0119ty Marcin 11, 61-803 Pozna\u0144, NIP: 7831834183, KRS: 0000891388 (dalej: &#8222;Sprzedawca&#8221;).<\/li>\n<li>Kontakt z Sprzedawc\u0105:\n<ul>\n<li>Adres korespondencyjny: ul. \u015awi\u0119ty Marcin 11, 61-803 Pozna\u0144<\/li>\n<li>Telefon: <a href=\"tel:504970053\">504 970 053<\/a><\/li>\n<li>E-mail: <a href=\"mailto:rynekwro@drevnykocur.cz\">rynekwro@drevnykocur.cz<\/a><\/li>\n<\/ul>\n<\/li>\n<li>Vouchery s\u0105 dost\u0119pne do zakupu wy\u0142\u0105cznie za po\u015brednictwem strony internetowej: https:\/\/placsolny.drevnykocur.cz\/<\/li>\n<li>Sprzedawca prowadzi dzia\u0142alno\u015b\u0107 zgodnie z obowi\u0105zuj\u0105cym prawem, w tym przepisami dotycz\u0105cymi ochrony praw konsument\u00f3w.<\/li>\n<\/ol>\n<p><strong>\u00a72. Zakup voucher\u00f3w<\/strong><\/p>\n<ol>\n<li>Dost\u0119pne warto\u015bci voucher\u00f3w: 50, 100, 200, 500, 1000 PLN (brutto).<\/li>\n<li>Cena voucher\u00f3w obejmuje podatek VAT. Klient mo\u017ce otrzyma\u0107 faktur\u0119 VAT po zaznaczeniu odpowiedniej opcji w formularzu zam\u00f3wienia i podaniu numeru NIP.<\/li>\n<li>Voucher jest wa\u017cny przez 1 rok od daty zakupu. Po up\u0142ywie tego terminu voucher traci wa\u017cno\u015b\u0107 i nie podlega realizacji.<\/li>\n<li>Ka\u017cdy voucher posiada unikalny kod, kt\u00f3ry nale\u017cy okaza\u0107 w restauracji przed otwarciem rachunku.<\/li>\n<li>Vouchery nie podlegaj\u0105 zwrotowi ani wymianie na got\u00f3wk\u0119.<\/li>\n<\/ol>\n<p><strong>\u00a73. Formy p\u0142atno\u015bci<\/strong><\/p>\n<ol>\n<li>Akceptowane formy p\u0142atno\u015bci:\n<ul>\n<li>P\u0142atno\u015b\u0107 online za po\u015brednictwem operatora p\u0142atno\u015bci <strong>HotPay<\/strong>.<\/li>\n<\/ul>\n<\/li>\n<li>Rozliczenia transakcji e-przelewem s\u0105 realizowane przez <strong>HotPay.pl<\/strong>.<\/li>\n<\/ol>\n<p><strong>\u00a74. Reklamacje<\/strong><\/p>\n<ol>\n<li>Reklamacje dotycz\u0105ce zakupu voucher\u00f3w mo\u017cna zg\u0142asza\u0107:\n<ul>\n<li>Pisemnie na adres: ul. \u015awi\u0119ty Marcin 11, 61-803 Pozna\u0144<\/li>\n<li>E-mailem na adres: <a href=\"mailto:rynekwro@drevnykocur.cz\">rynekwro@drevnykocur.cz<\/a><\/li>\n<\/ul>\n<\/li>\n<li>Reklamacje rozpatrywane s\u0105 w terminie do 14 dni roboczych od daty ich zg\u0142oszenia.<\/li>\n<\/ol>\n<p><strong>\u00a75. Prawo odst\u0105pienia od umowy<\/strong><\/p>\n<ol>\n<li>Klientowi przys\u0142uguje prawo odst\u0105pienia od umowy zakupu vouchera w terminie 14 dni od dnia zawarcia umowy, pod warunkiem, \u017ce voucher nie zosta\u0142 wykorzystany.<\/li>\n<li>Aby skorzysta\u0107 z prawa odst\u0105pienia, Klient powinien przes\u0142a\u0107 jednoznaczne o\u015bwiadczenie na adres: <a href=\"mailto:rynekwro@drevnykocur.cz\">rynekwro@drevnykocur.cz<\/a><\/li>\n<\/ol>\n<p><strong>\u00a76. Postanowienia ko\u0144cowe<\/strong><\/p>\n<ol>\n<li>Wszelkie spory wynikaj\u0105ce z realizacji umowy sprzeda\u017cy rozstrzygane s\u0105 przez w\u0142a\u015bciwe s\u0105dy polskie.<\/li>\n<li>Regulamin jest dost\u0119pny na stronie internetowej Sprzedawcy w spos\u00f3b umo\u017cliwiaj\u0105cy jego pobranie i utrwalenie.<\/li>\n<\/ol>\n","protected":false},"excerpt":{"rendered":"<p>Regulamin \u00a71. Postanowienia og\u00f3lne Regulamin okre\u015bla zasady sprzeda\u017cy voucher\u00f3w oferowanych przez PIZZA GLOBAL Sp. z o.o., z siedzib\u0105 w Poznaniu, ul. \u015awi\u0119ty Marcin 11, 61-803 Pozna\u0144, NIP: 7831834183, KRS: 0000891388 (dalej: &#8222;Sprzedawca&#8221;). Kontakt z Sprzedawc\u0105: Adres korespondencyjny: ul. \u015awi\u0119ty Marcin 11, 61-803 Pozna\u0144 Telefon: 504 970 053 E-mail: rynekwro@drevnykocur.cz Vouchery s\u0105 dost\u0119pne do zakupu wy\u0142\u0105cznie [&hellip;]<\/p>\n","protected":false},"author":2,"featured_media":0,"parent":0,"menu_order":0,"comment_status":"closed","ping_status":"closed","template":"","meta":{"_et_pb_use_builder":"","_et_pb_old_content":"","_et_gb_content_width":"","footnotes":""},"class_list":["post-634","page","type-page","status-publish","hentry"],"_links":{"self":[{"href":"https:\/\/placsolny.drevnykocur.cz\/index.php\/wp-json\/wp\/v2\/pages\/634","targetHints":{"allow":["GET"]}}],"collection":[{"href":"https:\/\/placsolny.drevnykocur.cz\/index.php\/wp-json\/wp\/v2\/pages"}],"about":[{"href":"https:\/\/placsolny.drevnykocur.cz\/index.php\/wp-json\/wp\/v2\/types\/page"}],"author":[{"embeddable":true,"href":"https:\/\/placsolny.drevnykocur.cz\/index.php\/wp-json\/wp\/v2\/users\/2"}],"replies":[{"embeddable":true,"href":"https:\/\/placsolny.drevnykocur.cz\/index.php\/wp-json\/wp\/v2\/comments?post=634"}],"version-history":[{"count":4,"href":"https:\/\/placsolny.drevnykocur.cz\/index.php\/wp-json\/wp\/v2\/pages\/634\/revisions"}],"predecessor-version":[{"id":853,"href":"https:\/\/placsolny.drevnykocur.cz\/index.php\/wp-json\/wp\/v2\/pages\/634\/revisions\/853"}],"wp:attachment":[{"href":"https:\/\/placsolny.drevnykocur.cz\/index.php\/wp-json\/wp\/v2\/media?parent=634"}],"curies":[{"name":"wp","href":"https:\/\/api.w.org\/{rel}","templated":true}]}}